{"id":167,"date":"2025-12-01T19:42:14","date_gmt":"2025-12-01T22:42:14","guid":{"rendered":"http:\/\/mutualreconquista.com.ar\/?page_id=167"},"modified":"2025-12-10T11:24:02","modified_gmt":"2025-12-10T14:24:02","slug":"subsidios","status":"publish","type":"page","link":"http:\/\/mutualreconquista.com.ar\/?page_id=167","title":{"rendered":"Subsidios"},"content":{"rendered":"\t\t<div data-elementor-type=\"wp-page\" data-elementor-id=\"167\" class=\"elementor elementor-167\" data-elementor-post-type=\"page\">\n\t\t\t\t<div class=\"elementor-element elementor-element-2088a600 e-con-full e-flex e-con e-parent\" data-id=\"2088a600\" data-element_type=\"container\" data-e-type=\"container\">\n\t\t\t\t<div class=\"elementor-element elementor-element-5f516593 elementor--h-position-center elementor--v-position-middle elementor-arrows-position-inside elementor-pagination-position-inside elementor-widget elementor-widget-slides\" data-id=\"5f516593\" data-element_type=\"widget\" data-e-type=\"widget\" data-settings=\"{&quot;navigation&quot;:&quot;both&quot;,&quot;autoplay&quot;:&quot;yes&quot;,&quot;pause_on_hover&quot;:&quot;yes&quot;,&quot;pause_on_interaction&quot;:&quot;yes&quot;,&quot;autoplay_speed&quot;:5000,&quot;infinite&quot;:&quot;yes&quot;,&quot;transition&quot;:&quot;slide&quot;,&quot;transition_speed&quot;:500}\" data-widget_type=\"slides.default\">\n\t\t\t\t\t\t\t\t\t\t<div class=\"elementor-slides-wrapper elementor-main-swiper swiper\" role=\"region\" aria-roledescription=\"carousel\" aria-label=\"Slides\" dir=\"ltr\" data-animation=\"fadeInUp\">\n\t\t\t\t<div class=\"swiper-wrapper elementor-slides\">\n\t\t\t\t\t\t\t\t\t\t<div class=\"elementor-repeater-item-dcafa79 swiper-slide\" role=\"group\" aria-roledescription=\"slide\"><div class=\"swiper-slide-bg elementor-ken-burns elementor-ken-burns--in\" role=\"img\" aria-label=\"subsidio\"><\/div><div class=\"elementor-background-overlay\"><\/div><div class=\"swiper-slide-inner\" ><div class=\"swiper-slide-contents\"><div class=\"elementor-slide-heading\">Subsidios<\/div><\/div><\/div><\/div>\t\t\t\t<\/div>\n\t\t\t\t\t\t\t<\/div>\n\t\t\t\t\t\t\t\t<\/div>\n\t\t\t\t<\/div>\n\t\t<div class=\"elementor-element elementor-element-16699053 e-flex e-con-boxed e-con e-parent\" data-id=\"16699053\" data-element_type=\"container\" data-e-type=\"container\" data-settings=\"{&quot;background_background&quot;:&quot;classic&quot;}\">\n\t\t\t\t\t<div class=\"e-con-inner\">\n\t\t<div class=\"elementor-element elementor-element-661a394b e-con-full e-flex e-con e-child\" data-id=\"661a394b\" data-element_type=\"container\" data-e-type=\"container\">\n\t\t\t\t<div class=\"elementor-element elementor-element-38619f54 elementor-widget-divider--view-line elementor-widget elementor-widget-divider\" data-id=\"38619f54\" data-element_type=\"widget\" data-e-type=\"widget\" data-widget_type=\"divider.default\">\n\t\t\t\t\t\t\t<div class=\"elementor-divider\">\n\t\t\t<span class=\"elementor-divider-separator\">\n\t\t\t\t\t\t<\/span>\n\t\t<\/div>\n\t\t\t\t\t\t<\/div>\n\t\t\t\t<div class=\"elementor-element elementor-element-eb801fb elementor-widget elementor-widget-text-editor\" data-id=\"eb801fb\" data-element_type=\"widget\" data-e-type=\"widget\" data-widget_type=\"text-editor.default\">\n\t\t\t\t\t\t\t\t\t<p data-start=\"1565\" data-end=\"1807\">Acompa\u00f1amos a nuestros asociados en los momentos m\u00e1s importantes de la vida. Por eso, contamos con subsidios de nacimiento, casamiento y defunci\u00f3n, destinados a brindar apoyo econ\u00f3mico en instancias que demandan contenci\u00f3n y acompa\u00f1amiento.<\/p><p data-start=\"1809\" data-end=\"2054\">Cada subsidio se gestiona de manera simple y personalizada, asegurando una respuesta \u00e1gil y respetuosa. Creemos en la solidaridad como valor fundamental y trabajamos para que nuestros beneficios est\u00e9n siempre al servicio de quienes lo necesitan.<\/p>\t\t\t\t\t\t\t\t<\/div>\n\t\t\t\t<\/div>\n\t\t<div class=\"elementor-element elementor-element-58d7a41d e-con-full e-flex e-con e-child\" data-id=\"58d7a41d\" data-element_type=\"container\" data-e-type=\"container\">\n\t\t\t\t<div class=\"elementor-element elementor-element-5993456f elementor-invisible elementor-widget elementor-widget-image\" data-id=\"5993456f\" data-element_type=\"widget\" data-e-type=\"widget\" data-settings=\"{&quot;_animation&quot;:&quot;fadeInRight&quot;}\" data-widget_type=\"image.default\">\n\t\t\t\t\t\t\t\t\t\t\t\t\t\t\t<img fetchpriority=\"high\" decoding=\"async\" width=\"1024\" height=\"752\" src=\"http:\/\/mutualreconquista.com.ar\/wp-content\/uploads\/2025\/11\/photo1.webp\" class=\"attachment-large size-large wp-image-42\" alt=\"\" srcset=\"http:\/\/mutualreconquista.com.ar\/wp-content\/uploads\/2025\/11\/photo1.webp 1024w, http:\/\/mutualreconquista.com.ar\/wp-content\/uploads\/2025\/11\/photo1-300x220.webp 300w, http:\/\/mutualreconquista.com.ar\/wp-content\/uploads\/2025\/11\/photo1-768x564.webp 768w\" sizes=\"(max-width: 1024px) 100vw, 1024px\" \/>\t\t\t\t\t\t\t\t\t\t\t\t\t\t\t<\/div>\n\t\t\t\t<\/div>\n\t\t\t\t\t<\/div>\n\t\t\t\t<\/div>\n\t\t<div class=\"elementor-element elementor-element-5dde20da e-flex e-con-boxed e-con e-parent\" data-id=\"5dde20da\" data-element_type=\"container\" data-e-type=\"container\" data-settings=\"{&quot;background_background&quot;:&quot;classic&quot;}\">\n\t\t\t\t\t<div class=\"e-con-inner\">\n\t\t\t\t<div class=\"elementor-element elementor-element-6a1a7506 elementor-align-center elementor-widget elementor-widget-button\" data-id=\"6a1a7506\" data-element_type=\"widget\" data-e-type=\"widget\" data-widget_type=\"button.default\">\n\t\t\t\t\t\t\t\t\t\t<a class=\"elementor-button elementor-button-link elementor-size-sm elementor-animation-grow\" href=\"http:\/\/wa.link\/uz27wu\" target=\"_blank\">\n\t\t\t\t\t\t<span class=\"elementor-button-content-wrapper\">\n\t\t\t\t\t\t<span class=\"elementor-button-icon\">\n\t\t\t\t<svg aria-hidden=\"true\" class=\"e-font-icon-svg e-fab-whatsapp\" viewBox=\"0 0 448 512\" xmlns=\"http:\/\/www.w3.org\/2000\/svg\"><path d=\"M380.9 97.1C339 55.1 283.2 32 223.9 32c-122.4 0-222 99.6-222 222 0 39.1 10.2 77.3 29.6 111L0 480l117.7-30.9c32.4 17.7 68.9 27 106.1 27h.1c122.3 0 224.1-99.6 224.1-222 0-59.3-25.2-115-67.1-157zm-157 341.6c-33.2 0-65.7-8.9-94-25.7l-6.7-4-69.8 18.3L72 359.2l-4.4-7c-18.5-29.4-28.2-63.3-28.2-98.2 0-101.7 82.8-184.5 184.6-184.5 49.3 0 95.6 19.2 130.4 54.1 34.8 34.9 56.2 81.2 56.1 130.5 0 101.8-84.9 184.6-186.6 184.6zm101.2-138.2c-5.5-2.8-32.8-16.2-37.9-18-5.1-1.9-8.8-2.8-12.5 2.8-3.7 5.6-14.3 18-17.6 21.8-3.2 3.7-6.5 4.2-12 1.4-32.6-16.3-54-29.1-75.5-66-5.7-9.8 5.7-9.1 16.3-30.3 1.8-3.7.9-6.9-.5-9.7-1.4-2.8-12.5-30.1-17.1-41.2-4.5-10.8-9.1-9.3-12.5-9.5-3.2-.2-6.9-.2-10.6-.2-3.7 0-9.7 1.4-14.8 6.9-5.1 5.6-19.4 19-19.4 46.3 0 27.3 19.9 53.7 22.6 57.4 2.8 3.7 39.1 59.7 94.8 83.8 35.2 15.2 49 16.5 66.6 13.9 10.7-1.6 32.8-13.4 37.4-26.4 4.6-13 4.6-24.1 3.2-26.4-1.3-2.5-5-3.9-10.5-6.6z\"><\/path><\/svg>\t\t\t<\/span>\n\t\t\t\t\t\t\t\t\t<span class=\"elementor-button-text\">Realizanos tu consulta<\/span>\n\t\t\t\t\t<\/span>\n\t\t\t\t\t<\/a>\n\t\t\t\t\t\t\t\t<\/div>\n\t\t\t\t\t<\/div>\n\t\t\t\t<\/div>\n\t\t\t\t<\/div>\n\t\t","protected":false},"excerpt":{"rendered":"<p>Subsidios Acompa\u00f1amos a nuestros asociados en los momentos m\u00e1s importantes de la vida. Por eso, contamos con subsidios de nacimiento, casamiento y defunci\u00f3n, destinados a brindar apoyo econ\u00f3mico en instancias que demandan contenci\u00f3n y acompa\u00f1amiento. Cada subsidio se gestiona de manera simple y personalizada, asegurando una respuesta \u00e1gil y respetuosa. Creemos en la solidaridad como [&hellip;]<\/p>\n","protected":false},"author":1,"featured_media":0,"parent":0,"menu_order":0,"comment_status":"closed","ping_status":"closed","template":"elementor_header_footer","meta":{"ocean_post_layout":"","ocean_both_sidebars_style":"","ocean_both_sidebars_content_width":0,"ocean_both_sidebars_sidebars_width":0,"ocean_sidebar":"","ocean_second_sidebar":"","ocean_disable_margins":"enable","ocean_add_body_class":"","ocean_shortcode_before_top_bar":"","ocean_shortcode_after_top_bar":"","ocean_shortcode_before_header":"","ocean_shortcode_after_header":"","ocean_has_shortcode":"","ocean_shortcode_after_title":"","ocean_shortcode_before_footer_widgets":"","ocean_shortcode_after_footer_widgets":"","ocean_shortcode_before_footer_bottom":"","ocean_shortcode_after_footer_bottom":"","ocean_display_top_bar":"default","ocean_display_header":"default","ocean_header_style":"","ocean_center_header_left_menu":"","ocean_custom_header_template":"","ocean_custom_logo":0,"ocean_custom_retina_logo":0,"ocean_custom_logo_max_width":0,"ocean_custom_logo_tablet_max_width":0,"ocean_custom_logo_mobile_max_width":0,"ocean_custom_logo_max_height":0,"ocean_custom_logo_tablet_max_height":0,"ocean_custom_logo_mobile_max_height":0,"ocean_header_custom_menu":"","ocean_menu_typo_font_family":"","ocean_menu_typo_font_subset":"","ocean_menu_typo_font_size":0,"ocean_menu_typo_font_size_tablet":0,"ocean_menu_typo_font_size_mobile":0,"ocean_menu_typo_font_size_unit":"px","ocean_menu_typo_font_weight":"","ocean_menu_typo_font_weight_tablet":"","ocean_menu_typo_font_weight_mobile":"","ocean_menu_typo_transform":"","ocean_menu_typo_transform_tablet":"","ocean_menu_typo_transform_mobile":"","ocean_menu_typo_line_height":0,"ocean_menu_typo_line_height_tablet":0,"ocean_menu_typo_line_height_mobile":0,"ocean_menu_typo_line_height_unit":"","ocean_menu_typo_spacing":0,"ocean_menu_typo_spacing_tablet":0,"ocean_menu_typo_spacing_mobile":0,"ocean_menu_typo_spacing_unit":"","ocean_menu_link_color":"","ocean_menu_link_color_hover":"","ocean_menu_link_color_active":"","ocean_menu_link_background":"","ocean_menu_link_hover_background":"","ocean_menu_link_active_background":"","ocean_menu_social_links_bg":"","ocean_menu_social_hover_links_bg":"","ocean_menu_social_links_color":"","ocean_menu_social_hover_links_color":"","ocean_disable_title":"default","ocean_disable_heading":"default","ocean_post_title":"","ocean_post_subheading":"","ocean_post_title_style":"","ocean_post_title_background_color":"","ocean_post_title_background":0,"ocean_post_title_bg_image_position":"","ocean_post_title_bg_image_attachment":"","ocean_post_title_bg_image_repeat":"","ocean_post_title_bg_image_size":"","ocean_post_title_height":0,"ocean_post_title_bg_overlay":0.5,"ocean_post_title_bg_overlay_color":"","ocean_disable_breadcrumbs":"default","ocean_breadcrumbs_color":"","ocean_breadcrumbs_separator_color":"","ocean_breadcrumbs_links_color":"","ocean_breadcrumbs_links_hover_color":"","ocean_display_footer_widgets":"default","ocean_display_footer_bottom":"default","ocean_custom_footer_template":"","footnotes":""},"class_list":["post-167","page","type-page","status-publish","hentry","entry"],"yoast_head":"<!-- This site is optimized with the Yoast SEO plugin v27.4 - https:\/\/yoast.com\/product\/yoast-seo-wordpress\/ -->\n<title>Subsidios - Mutual Reconquista<\/title>\n<meta name=\"robots\" content=\"noindex, follow, max-snippet:-1, max-image-preview:large, max-video-preview:-1\" \/>\n<meta property=\"og:locale\" content=\"es_ES\" \/>\n<meta property=\"og:type\" content=\"article\" \/>\n<meta property=\"og:title\" content=\"Subsidios - Mutual Reconquista\" \/>\n<meta property=\"og:description\" content=\"Subsidios Acompa\u00f1amos a nuestros asociados en los momentos m\u00e1s importantes de la vida. Por eso, contamos con subsidios de nacimiento, casamiento y defunci\u00f3n, destinados a brindar apoyo econ\u00f3mico en instancias que demandan contenci\u00f3n y acompa\u00f1amiento. Cada subsidio se gestiona de manera simple y personalizada, asegurando una respuesta \u00e1gil y respetuosa. Creemos en la solidaridad como [&hellip;]\" \/>\n<meta property=\"og:url\" content=\"http:\/\/mutualreconquista.com.ar\/?page_id=167\" \/>\n<meta property=\"og:site_name\" content=\"Mutual Reconquista\" \/>\n<meta property=\"article:modified_time\" content=\"2025-12-10T14:24:02+00:00\" \/>\n<meta property=\"og:image\" content=\"http:\/\/mutualreconquista.com.ar\/wp-content\/uploads\/2025\/11\/photo1.webp\" \/>\n<meta name=\"twitter:card\" content=\"summary_large_image\" \/>\n<meta name=\"twitter:label1\" content=\"Tiempo de lectura\" \/>\n\t<meta name=\"twitter:data1\" content=\"1 minuto\" \/>\n<script type=\"application\/ld+json\" class=\"yoast-schema-graph\">{\"@context\":\"https:\\\/\\\/schema.org\",\"@graph\":[{\"@type\":\"WebPage\",\"@id\":\"http:\\\/\\\/mutualreconquista.com.ar\\\/?page_id=167\",\"url\":\"http:\\\/\\\/mutualreconquista.com.ar\\\/?page_id=167\",\"name\":\"Subsidios - Mutual Reconquista\",\"isPartOf\":{\"@id\":\"https:\\\/\\\/mutualreconquista.com.ar\\\/#website\"},\"primaryImageOfPage\":{\"@id\":\"http:\\\/\\\/mutualreconquista.com.ar\\\/?page_id=167#primaryimage\"},\"image\":{\"@id\":\"http:\\\/\\\/mutualreconquista.com.ar\\\/?page_id=167#primaryimage\"},\"thumbnailUrl\":\"http:\\\/\\\/mutualreconquista.com.ar\\\/wp-content\\\/uploads\\\/2025\\\/11\\\/photo1.webp\",\"datePublished\":\"2025-12-01T22:42:14+00:00\",\"dateModified\":\"2025-12-10T14:24:02+00:00\",\"breadcrumb\":{\"@id\":\"http:\\\/\\\/mutualreconquista.com.ar\\\/?page_id=167#breadcrumb\"},\"inLanguage\":\"es-AR\",\"potentialAction\":[{\"@type\":\"ReadAction\",\"target\":[\"http:\\\/\\\/mutualreconquista.com.ar\\\/?page_id=167\"]}]},{\"@type\":\"ImageObject\",\"inLanguage\":\"es-AR\",\"@id\":\"http:\\\/\\\/mutualreconquista.com.ar\\\/?page_id=167#primaryimage\",\"url\":\"http:\\\/\\\/mutualreconquista.com.ar\\\/wp-content\\\/uploads\\\/2025\\\/11\\\/photo1.webp\",\"contentUrl\":\"http:\\\/\\\/mutualreconquista.com.ar\\\/wp-content\\\/uploads\\\/2025\\\/11\\\/photo1.webp\",\"width\":1024,\"height\":752},{\"@type\":\"BreadcrumbList\",\"@id\":\"http:\\\/\\\/mutualreconquista.com.ar\\\/?page_id=167#breadcrumb\",\"itemListElement\":[{\"@type\":\"ListItem\",\"position\":1,\"name\":\"Inicio\",\"item\":\"https:\\\/\\\/mutualreconquista.com.ar\\\/\"},{\"@type\":\"ListItem\",\"position\":2,\"name\":\"Subsidios\"}]},{\"@type\":\"WebSite\",\"@id\":\"https:\\\/\\\/mutualreconquista.com.ar\\\/#website\",\"url\":\"https:\\\/\\\/mutualreconquista.com.ar\\\/\",\"name\":\"Mutual Reconquista\",\"description\":\"Ahorros \u2022 Cr\u00e9ditos \u2022 Beneficios\",\"publisher\":{\"@id\":\"https:\\\/\\\/mutualreconquista.com.ar\\\/#organization\"},\"potentialAction\":[{\"@type\":\"SearchAction\",\"target\":{\"@type\":\"EntryPoint\",\"urlTemplate\":\"https:\\\/\\\/mutualreconquista.com.ar\\\/?s={search_term_string}\"},\"query-input\":{\"@type\":\"PropertyValueSpecification\",\"valueRequired\":true,\"valueName\":\"search_term_string\"}}],\"inLanguage\":\"es-AR\"},{\"@type\":\"Organization\",\"@id\":\"https:\\\/\\\/mutualreconquista.com.ar\\\/#organization\",\"name\":\"Mutual Reconquista\",\"url\":\"https:\\\/\\\/mutualreconquista.com.ar\\\/\",\"logo\":{\"@type\":\"ImageObject\",\"inLanguage\":\"es-AR\",\"@id\":\"https:\\\/\\\/mutualreconquista.com.ar\\\/#\\\/schema\\\/logo\\\/image\\\/\",\"url\":\"https:\\\/\\\/mutualreconquista.com.ar\\\/wp-content\\\/uploads\\\/2025\\\/11\\\/Isotipo-Mutual-Reconquista.png\",\"contentUrl\":\"https:\\\/\\\/mutualreconquista.com.ar\\\/wp-content\\\/uploads\\\/2025\\\/11\\\/Isotipo-Mutual-Reconquista.png\",\"width\":1185,\"height\":1185,\"caption\":\"Mutual Reconquista\"},\"image\":{\"@id\":\"https:\\\/\\\/mutualreconquista.com.ar\\\/#\\\/schema\\\/logo\\\/image\\\/\"}}]}<\/script>\n<!-- \/ Yoast SEO plugin. -->","yoast_head_json":{"title":"Subsidios - Mutual Reconquista","robots":{"index":"noindex","follow":"follow","max-snippet":"max-snippet:-1","max-image-preview":"max-image-preview:large","max-video-preview":"max-video-preview:-1"},"og_locale":"es_ES","og_type":"article","og_title":"Subsidios - Mutual Reconquista","og_description":"Subsidios Acompa\u00f1amos a nuestros asociados en los momentos m\u00e1s importantes de la vida. Por eso, contamos con subsidios de nacimiento, casamiento y defunci\u00f3n, destinados a brindar apoyo econ\u00f3mico en instancias que demandan contenci\u00f3n y acompa\u00f1amiento. Cada subsidio se gestiona de manera simple y personalizada, asegurando una respuesta \u00e1gil y respetuosa. Creemos en la solidaridad como [&hellip;]","og_url":"http:\/\/mutualreconquista.com.ar\/?page_id=167","og_site_name":"Mutual Reconquista","article_modified_time":"2025-12-10T14:24:02+00:00","og_image":[{"url":"http:\/\/mutualreconquista.com.ar\/wp-content\/uploads\/2025\/11\/photo1.webp","type":"","width":"","height":""}],"twitter_card":"summary_large_image","twitter_misc":{"Tiempo de lectura":"1 minuto"},"schema":{"@context":"https:\/\/schema.org","@graph":[{"@type":"WebPage","@id":"http:\/\/mutualreconquista.com.ar\/?page_id=167","url":"http:\/\/mutualreconquista.com.ar\/?page_id=167","name":"Subsidios - Mutual Reconquista","isPartOf":{"@id":"https:\/\/mutualreconquista.com.ar\/#website"},"primaryImageOfPage":{"@id":"http:\/\/mutualreconquista.com.ar\/?page_id=167#primaryimage"},"image":{"@id":"http:\/\/mutualreconquista.com.ar\/?page_id=167#primaryimage"},"thumbnailUrl":"http:\/\/mutualreconquista.com.ar\/wp-content\/uploads\/2025\/11\/photo1.webp","datePublished":"2025-12-01T22:42:14+00:00","dateModified":"2025-12-10T14:24:02+00:00","breadcrumb":{"@id":"http:\/\/mutualreconquista.com.ar\/?page_id=167#breadcrumb"},"inLanguage":"es-AR","potentialAction":[{"@type":"ReadAction","target":["http:\/\/mutualreconquista.com.ar\/?page_id=167"]}]},{"@type":"ImageObject","inLanguage":"es-AR","@id":"http:\/\/mutualreconquista.com.ar\/?page_id=167#primaryimage","url":"http:\/\/mutualreconquista.com.ar\/wp-content\/uploads\/2025\/11\/photo1.webp","contentUrl":"http:\/\/mutualreconquista.com.ar\/wp-content\/uploads\/2025\/11\/photo1.webp","width":1024,"height":752},{"@type":"BreadcrumbList","@id":"http:\/\/mutualreconquista.com.ar\/?page_id=167#breadcrumb","itemListElement":[{"@type":"ListItem","position":1,"name":"Inicio","item":"https:\/\/mutualreconquista.com.ar\/"},{"@type":"ListItem","position":2,"name":"Subsidios"}]},{"@type":"WebSite","@id":"https:\/\/mutualreconquista.com.ar\/#website","url":"https:\/\/mutualreconquista.com.ar\/","name":"Mutual Reconquista","description":"Ahorros \u2022 Cr\u00e9ditos \u2022 Beneficios","publisher":{"@id":"https:\/\/mutualreconquista.com.ar\/#organization"},"potentialAction":[{"@type":"SearchAction","target":{"@type":"EntryPoint","urlTemplate":"https:\/\/mutualreconquista.com.ar\/?s={search_term_string}"},"query-input":{"@type":"PropertyValueSpecification","valueRequired":true,"valueName":"search_term_string"}}],"inLanguage":"es-AR"},{"@type":"Organization","@id":"https:\/\/mutualreconquista.com.ar\/#organization","name":"Mutual Reconquista","url":"https:\/\/mutualreconquista.com.ar\/","logo":{"@type":"ImageObject","inLanguage":"es-AR","@id":"https:\/\/mutualreconquista.com.ar\/#\/schema\/logo\/image\/","url":"https:\/\/mutualreconquista.com.ar\/wp-content\/uploads\/2025\/11\/Isotipo-Mutual-Reconquista.png","contentUrl":"https:\/\/mutualreconquista.com.ar\/wp-content\/uploads\/2025\/11\/Isotipo-Mutual-Reconquista.png","width":1185,"height":1185,"caption":"Mutual Reconquista"},"image":{"@id":"https:\/\/mutualreconquista.com.ar\/#\/schema\/logo\/image\/"}}]}},"_links":{"self":[{"href":"http:\/\/mutualreconquista.com.ar\/index.php?rest_route=\/wp\/v2\/pages\/167","targetHints":{"allow":["GET"]}}],"collection":[{"href":"http:\/\/mutualreconquista.com.ar\/index.php?rest_route=\/wp\/v2\/pages"}],"about":[{"href":"http:\/\/mutualreconquista.com.ar\/index.php?rest_route=\/wp\/v2\/types\/page"}],"author":[{"embeddable":true,"href":"http:\/\/mutualreconquista.com.ar\/index.php?rest_route=\/wp\/v2\/users\/1"}],"replies":[{"embeddable":true,"href":"http:\/\/mutualreconquista.com.ar\/index.php?rest_route=%2Fwp%2Fv2%2Fcomments&post=167"}],"version-history":[{"count":13,"href":"http:\/\/mutualreconquista.com.ar\/index.php?rest_route=\/wp\/v2\/pages\/167\/revisions"}],"predecessor-version":[{"id":439,"href":"http:\/\/mutualreconquista.com.ar\/index.php?rest_route=\/wp\/v2\/pages\/167\/revisions\/439"}],"wp:attachment":[{"href":"http:\/\/mutualreconquista.com.ar\/index.php?rest_route=%2Fwp%2Fv2%2Fmedia&parent=167"}],"curies":[{"name":"wp","href":"https:\/\/api.w.org\/{rel}","templated":true}]}}