{"id":280,"date":"2025-12-02T17:12:40","date_gmt":"2025-12-02T20:12:40","guid":{"rendered":"http:\/\/mutualreconquista.com.ar\/?page_id=280"},"modified":"2025-12-10T12:02:46","modified_gmt":"2025-12-10T15:02:46","slug":"quienes-somos-2","status":"publish","type":"page","link":"https:\/\/mutualreconquista.com.ar\/?page_id=280","title":{"rendered":"Contacto"},"content":{"rendered":"\t\t<div data-elementor-type=\"wp-page\" data-elementor-id=\"280\" class=\"elementor elementor-280\" data-elementor-post-type=\"page\">\n\t\t\t\t<div class=\"elementor-element elementor-element-2088a600 e-con-full e-flex e-con e-parent\" data-id=\"2088a600\" data-element_type=\"container\" data-e-type=\"container\">\n\t\t\t\t<div class=\"elementor-element elementor-element-5f516593 elementor--h-position-center elementor--v-position-middle elementor-arrows-position-inside elementor-pagination-position-inside elementor-widget elementor-widget-slides\" data-id=\"5f516593\" data-element_type=\"widget\" data-e-type=\"widget\" data-settings=\"{&quot;navigation&quot;:&quot;both&quot;,&quot;autoplay&quot;:&quot;yes&quot;,&quot;pause_on_hover&quot;:&quot;yes&quot;,&quot;pause_on_interaction&quot;:&quot;yes&quot;,&quot;autoplay_speed&quot;:5000,&quot;infinite&quot;:&quot;yes&quot;,&quot;transition&quot;:&quot;slide&quot;,&quot;transition_speed&quot;:500}\" data-widget_type=\"slides.default\">\n\t\t\t\t\t\t\t\t\t\t<div class=\"elementor-slides-wrapper elementor-main-swiper swiper\" role=\"region\" aria-roledescription=\"carousel\" aria-label=\"Slides\" dir=\"ltr\" data-animation=\"fadeInUp\">\n\t\t\t\t<div class=\"swiper-wrapper elementor-slides\">\n\t\t\t\t\t\t\t\t\t\t<div class=\"elementor-repeater-item-dcafa79 swiper-slide\" role=\"group\" aria-roledescription=\"slide\"><div class=\"swiper-slide-bg elementor-ken-burns elementor-ken-burns--in\" role=\"img\" aria-label=\"sdd\"><\/div><div class=\"elementor-background-overlay\"><\/div><div class=\"swiper-slide-inner\" ><div class=\"swiper-slide-contents\"><div class=\"elementor-slide-heading\">Contacto<\/div><\/div><\/div><\/div>\t\t\t\t<\/div>\n\t\t\t\t\t\t\t<\/div>\n\t\t\t\t\t\t\t\t<\/div>\n\t\t\t\t<\/div>\n\t\t<div class=\"elementor-element elementor-element-41ea1768 e-flex e-con-boxed e-con e-parent\" data-id=\"41ea1768\" data-element_type=\"container\" data-e-type=\"container\" data-settings=\"{&quot;background_background&quot;:&quot;classic&quot;}\">\n\t\t\t\t\t<div class=\"e-con-inner\">\n\t\t<div class=\"elementor-element elementor-element-7b5dd306 e-con-full e-flex e-con e-child\" data-id=\"7b5dd306\" data-element_type=\"container\" data-e-type=\"container\">\n\t\t\t\t<div class=\"elementor-element elementor-element-ee2bd40 elementor-widget-divider--view-line elementor-widget elementor-widget-divider\" data-id=\"ee2bd40\" data-element_type=\"widget\" data-e-type=\"widget\" data-widget_type=\"divider.default\">\n\t\t\t\t\t\t\t<div class=\"elementor-divider\">\n\t\t\t<span class=\"elementor-divider-separator\">\n\t\t\t\t\t\t<\/span>\n\t\t<\/div>\n\t\t\t\t\t\t<\/div>\n\t\t\t\t<div class=\"elementor-element elementor-element-6e154c51 elementor-widget elementor-widget-text-editor\" data-id=\"6e154c51\" data-element_type=\"widget\" data-e-type=\"widget\" data-widget_type=\"text-editor.default\">\n\t\t\t\t\t\t\t\t\t<p>En Mutual Reconquista brindamos atenci\u00f3n personalizada para acompa\u00f1arte en cada consulta. Pod\u00e9s comunicarte con nosotros por WhatsApp, correo electr\u00f3nico, tel\u00e9fono o acercarte personalmente a nuestra oficina.<br data-start=\"435\" data-end=\"438\" \/>Responderemos tu consulta a la brevedad.<\/p>\t\t\t\t\t\t\t\t<\/div>\n\t\t\t\t<\/div>\n\t\t<div class=\"elementor-element elementor-element-4fc6c144 e-con-full e-flex e-con e-child\" data-id=\"4fc6c144\" data-element_type=\"container\" data-e-type=\"container\">\n\t\t\t\t<div class=\"elementor-element elementor-element-69fba555 elementor-invisible elementor-widget elementor-widget-image\" data-id=\"69fba555\" data-element_type=\"widget\" data-e-type=\"widget\" data-settings=\"{&quot;_animation&quot;:&quot;fadeInUp&quot;}\" data-widget_type=\"image.default\">\n\t\t\t\t\t\t\t\t\t\t\t\t\t\t\t<img fetchpriority=\"high\" decoding=\"async\" width=\"1024\" height=\"1024\" src=\"https:\/\/mutualreconquista.com.ar\/wp-content\/uploads\/2025\/12\/sucursakl-1024x1024.webp\" class=\"attachment-large size-large wp-image-391\" alt=\"\" srcset=\"https:\/\/mutualreconquista.com.ar\/wp-content\/uploads\/2025\/12\/sucursakl-1024x1024.webp 1024w, https:\/\/mutualreconquista.com.ar\/wp-content\/uploads\/2025\/12\/sucursakl-300x300.webp 300w, https:\/\/mutualreconquista.com.ar\/wp-content\/uploads\/2025\/12\/sucursakl-150x150.webp 150w, https:\/\/mutualreconquista.com.ar\/wp-content\/uploads\/2025\/12\/sucursakl-768x768.webp 768w, https:\/\/mutualreconquista.com.ar\/wp-content\/uploads\/2025\/12\/sucursakl-600x600.webp 600w, https:\/\/mutualreconquista.com.ar\/wp-content\/uploads\/2025\/12\/sucursakl.webp 1080w\" sizes=\"(max-width: 1024px) 100vw, 1024px\" \/>\t\t\t\t\t\t\t\t\t\t\t\t\t\t\t<\/div>\n\t\t\t\t<\/div>\n\t\t\t\t\t<\/div>\n\t\t\t\t<\/div>\n\t\t<div class=\"elementor-element elementor-element-1288cc0 e-flex e-con-boxed e-con e-parent\" data-id=\"1288cc0\" data-element_type=\"container\" data-e-type=\"container\" data-settings=\"{&quot;background_background&quot;:&quot;classic&quot;}\">\n\t\t\t\t\t<div class=\"e-con-inner\">\n\t\t<div class=\"elementor-element elementor-element-925ec8a e-con-full e-flex e-con e-child\" data-id=\"925ec8a\" data-element_type=\"container\" data-e-type=\"container\">\n\t\t\t\t<div class=\"elementor-element elementor-element-0bc3491 elementor-invisible elementor-widget elementor-widget-image\" data-id=\"0bc3491\" data-element_type=\"widget\" data-e-type=\"widget\" data-settings=\"{&quot;_animation&quot;:&quot;fadeInUp&quot;}\" data-widget_type=\"image.default\">\n\t\t\t\t\t\t\t\t\t\t\t\t\t\t\t<img decoding=\"async\" width=\"1024\" height=\"1024\" src=\"https:\/\/mutualreconquista.com.ar\/wp-content\/uploads\/2025\/12\/sddf-1024x1024.webp\" class=\"attachment-large size-large wp-image-462\" alt=\"\" srcset=\"https:\/\/mutualreconquista.com.ar\/wp-content\/uploads\/2025\/12\/sddf-1024x1024.webp 1024w, https:\/\/mutualreconquista.com.ar\/wp-content\/uploads\/2025\/12\/sddf-300x300.webp 300w, https:\/\/mutualreconquista.com.ar\/wp-content\/uploads\/2025\/12\/sddf-150x150.webp 150w, https:\/\/mutualreconquista.com.ar\/wp-content\/uploads\/2025\/12\/sddf-768x768.webp 768w, https:\/\/mutualreconquista.com.ar\/wp-content\/uploads\/2025\/12\/sddf-600x600.webp 600w, https:\/\/mutualreconquista.com.ar\/wp-content\/uploads\/2025\/12\/sddf.webp 1080w\" sizes=\"(max-width: 1024px) 100vw, 1024px\" \/>\t\t\t\t\t\t\t\t\t\t\t\t\t\t\t<\/div>\n\t\t\t\t<\/div>\n\t\t<div class=\"elementor-element elementor-element-e87c68e e-con-full e-flex e-con e-child\" data-id=\"e87c68e\" data-element_type=\"container\" data-e-type=\"container\">\n\t\t\t\t<div class=\"elementor-element elementor-element-5f44f17 elementor-widget-divider--view-line elementor-widget elementor-widget-divider\" data-id=\"5f44f17\" data-element_type=\"widget\" data-e-type=\"widget\" data-widget_type=\"divider.default\">\n\t\t\t\t\t\t\t<div class=\"elementor-divider\">\n\t\t\t<span class=\"elementor-divider-separator\">\n\t\t\t\t\t\t<\/span>\n\t\t<\/div>\n\t\t\t\t\t\t<\/div>\n\t\t\t\t<div class=\"elementor-element elementor-element-ea40060 elementor-icon-list--layout-traditional elementor-list-item-link-full_width elementor-widget elementor-widget-icon-list\" data-id=\"ea40060\" data-element_type=\"widget\" data-e-type=\"widget\" data-widget_type=\"icon-list.default\">\n\t\t\t\t\t\t\t<ul class=\"elementor-icon-list-items\">\n\t\t\t\t\t\t\t<li class=\"elementor-icon-list-item\">\n\t\t\t\t\t\t\t\t\t\t\t<span class=\"elementor-icon-list-icon\">\n\t\t\t\t\t\t\t<svg aria-hidden=\"true\" class=\"e-font-icon-svg e-fas-map-marker-alt\" viewBox=\"0 0 384 512\" xmlns=\"http:\/\/www.w3.org\/2000\/svg\"><path d=\"M172.268 501.67C26.97 291.031 0 269.413 0 192 0 85.961 85.961 0 192 0s192 85.961 192 192c0 77.413-26.97 99.031-172.268 309.67-9.535 13.774-29.93 13.773-39.464 0zM192 272c44.183 0 80-35.817 80-80s-35.817-80-80-80-80 35.817-80 80 35.817 80 80 80z\"><\/path><\/svg>\t\t\t\t\t\t<\/span>\n\t\t\t\t\t\t\t\t\t\t<span class=\"elementor-icon-list-text\">25 de Mayo 623<\/span>\n\t\t\t\t\t\t\t\t\t<\/li>\n\t\t\t\t\t\t\t\t<li class=\"elementor-icon-list-item\">\n\t\t\t\t\t\t\t\t\t\t\t<span class=\"elementor-icon-list-icon\">\n\t\t\t\t\t\t\t<svg aria-hidden=\"true\" class=\"e-font-icon-svg e-fas-envelope\" viewBox=\"0 0 512 512\" xmlns=\"http:\/\/www.w3.org\/2000\/svg\"><path d=\"M502.3 190.8c3.9-3.1 9.7-.2 9.7 4.7V400c0 26.5-21.5 48-48 48H48c-26.5 0-48-21.5-48-48V195.6c0-5 5.7-7.8 9.7-4.7 22.4 17.4 52.1 39.5 154.1 113.6 21.1 15.4 56.7 47.8 92.2 47.6 35.7.3 72-32.8 92.3-47.6 102-74.1 131.6-96.3 154-113.7zM256 320c23.2.4 56.6-29.2 73.4-41.4 132.7-96.3 142.8-104.7 173.4-128.7 5.8-4.5 9.2-11.5 9.2-18.9v-19c0-26.5-21.5-48-48-48H48C21.5 64 0 85.5 0 112v19c0 7.4 3.4 14.3 9.2 18.9 30.6 23.9 40.7 32.4 173.4 128.7 16.8 12.2 50.2 41.8 73.4 41.4z\"><\/path><\/svg>\t\t\t\t\t\t<\/span>\n\t\t\t\t\t\t\t\t\t\t<span class=\"elementor-icon-list-text\">reconquistamutual@gmail.com<\/span>\n\t\t\t\t\t\t\t\t\t<\/li>\n\t\t\t\t\t\t\t\t<li class=\"elementor-icon-list-item\">\n\t\t\t\t\t\t\t\t\t\t\t<span class=\"elementor-icon-list-icon\">\n\t\t\t\t\t\t\t<svg aria-hidden=\"true\" class=\"e-font-icon-svg e-fab-whatsapp\" viewBox=\"0 0 448 512\" xmlns=\"http:\/\/www.w3.org\/2000\/svg\"><path d=\"M380.9 97.1C339 55.1 283.2 32 223.9 32c-122.4 0-222 99.6-222 222 0 39.1 10.2 77.3 29.6 111L0 480l117.7-30.9c32.4 17.7 68.9 27 106.1 27h.1c122.3 0 224.1-99.6 224.1-222 0-59.3-25.2-115-67.1-157zm-157 341.6c-33.2 0-65.7-8.9-94-25.7l-6.7-4-69.8 18.3L72 359.2l-4.4-7c-18.5-29.4-28.2-63.3-28.2-98.2 0-101.7 82.8-184.5 184.6-184.5 49.3 0 95.6 19.2 130.4 54.1 34.8 34.9 56.2 81.2 56.1 130.5 0 101.8-84.9 184.6-186.6 184.6zm101.2-138.2c-5.5-2.8-32.8-16.2-37.9-18-5.1-1.9-8.8-2.8-12.5 2.8-3.7 5.6-14.3 18-17.6 21.8-3.2 3.7-6.5 4.2-12 1.4-32.6-16.3-54-29.1-75.5-66-5.7-9.8 5.7-9.1 16.3-30.3 1.8-3.7.9-6.9-.5-9.7-1.4-2.8-12.5-30.1-17.1-41.2-4.5-10.8-9.1-9.3-12.5-9.5-3.2-.2-6.9-.2-10.6-.2-3.7 0-9.7 1.4-14.8 6.9-5.1 5.6-19.4 19-19.4 46.3 0 27.3 19.9 53.7 22.6 57.4 2.8 3.7 39.1 59.7 94.8 83.8 35.2 15.2 49 16.5 66.6 13.9 10.7-1.6 32.8-13.4 37.4-26.4 4.6-13 4.6-24.1 3.2-26.4-1.3-2.5-5-3.9-10.5-6.6z\"><\/path><\/svg>\t\t\t\t\t\t<\/span>\n\t\t\t\t\t\t\t\t\t\t<span class=\"elementor-icon-list-text\">3482-629099<\/span>\n\t\t\t\t\t\t\t\t\t<\/li>\n\t\t\t\t\t\t\t\t<li class=\"elementor-icon-list-item\">\n\t\t\t\t\t\t\t\t\t\t\t<span class=\"elementor-icon-list-icon\">\n\t\t\t\t\t\t\t<svg aria-hidden=\"true\" class=\"e-font-icon-svg e-fas-clock\" viewBox=\"0 0 512 512\" xmlns=\"http:\/\/www.w3.org\/2000\/svg\"><path d=\"M256,8C119,8,8,119,8,256S119,504,256,504,504,393,504,256,393,8,256,8Zm92.49,313h0l-20,25a16,16,0,0,1-22.49,2.5h0l-67-49.72a40,40,0,0,1-15-31.23V112a16,16,0,0,1,16-16h32a16,16,0,0,1,16,16V256l58,42.5A16,16,0,0,1,348.49,321Z\"><\/path><\/svg>\t\t\t\t\t\t<\/span>\n\t\t\t\t\t\t\t\t\t\t<span class=\"elementor-icon-list-text\">7:30 a 13:00<\/span>\n\t\t\t\t\t\t\t\t\t<\/li>\n\t\t\t\t\t\t\t\t<li class=\"elementor-icon-list-item\">\n\t\t\t\t\t\t\t\t\t\t\t<span class=\"elementor-icon-list-icon\">\n\t\t\t\t\t\t\t<svg aria-hidden=\"true\" class=\"e-font-icon-svg e-fab-facebook-square\" viewBox=\"0 0 448 512\" xmlns=\"http:\/\/www.w3.org\/2000\/svg\"><path d=\"M400 32H48A48 48 0 0 0 0 80v352a48 48 0 0 0 48 48h137.25V327.69h-63V256h63v-54.64c0-62.15 37-96.48 93.67-96.48 27.14 0 55.52 4.84 55.52 4.84v61h-31.27c-30.81 0-40.42 19.12-40.42 38.73V256h68.78l-11 71.69h-57.78V480H400a48 48 0 0 0 48-48V80a48 48 0 0 0-48-48z\"><\/path><\/svg>\t\t\t\t\t\t<\/span>\n\t\t\t\t\t\t\t\t\t\t<span class=\"elementor-icon-list-text\">Facebook<\/span>\n\t\t\t\t\t\t\t\t\t<\/li>\n\t\t\t\t\t\t\t\t<li class=\"elementor-icon-list-item\">\n\t\t\t\t\t\t\t\t\t\t\t<span class=\"elementor-icon-list-icon\">\n\t\t\t\t\t\t\t<svg aria-hidden=\"true\" class=\"e-font-icon-svg e-fab-instagram\" viewBox=\"0 0 448 512\" xmlns=\"http:\/\/www.w3.org\/2000\/svg\"><path d=\"M224.1 141c-63.6 0-114.9 51.3-114.9 114.9s51.3 114.9 114.9 114.9S339 319.5 339 255.9 287.7 141 224.1 141zm0 189.6c-41.1 0-74.7-33.5-74.7-74.7s33.5-74.7 74.7-74.7 74.7 33.5 74.7 74.7-33.6 74.7-74.7 74.7zm146.4-194.3c0 14.9-12 26.8-26.8 26.8-14.9 0-26.8-12-26.8-26.8s12-26.8 26.8-26.8 26.8 12 26.8 26.8zm76.1 27.2c-1.7-35.9-9.9-67.7-36.2-93.9-26.2-26.2-58-34.4-93.9-36.2-37-2.1-147.9-2.1-184.9 0-35.8 1.7-67.6 9.9-93.9 36.1s-34.4 58-36.2 93.9c-2.1 37-2.1 147.9 0 184.9 1.7 35.9 9.9 67.7 36.2 93.9s58 34.4 93.9 36.2c37 2.1 147.9 2.1 184.9 0 35.9-1.7 67.7-9.9 93.9-36.2 26.2-26.2 34.4-58 36.2-93.9 2.1-37 2.1-147.8 0-184.8zM398.8 388c-7.8 19.6-22.9 34.7-42.6 42.6-29.5 11.7-99.5 9-132.1 9s-102.7 2.6-132.1-9c-19.6-7.8-34.7-22.9-42.6-42.6-11.7-29.5-9-99.5-9-132.1s-2.6-102.7 9-132.1c7.8-19.6 22.9-34.7 42.6-42.6 29.5-11.7 99.5-9 132.1-9s102.7-2.6 132.1 9c19.6 7.8 34.7 22.9 42.6 42.6 11.7 29.5 9 99.5 9 132.1s2.7 102.7-9 132.1z\"><\/path><\/svg>\t\t\t\t\t\t<\/span>\n\t\t\t\t\t\t\t\t\t\t<span class=\"elementor-icon-list-text\">Instagram<\/span>\n\t\t\t\t\t\t\t\t\t<\/li>\n\t\t\t\t\t\t<\/ul>\n\t\t\t\t\t\t<\/div>\n\t\t\t\t<\/div>\n\t\t\t\t\t<\/div>\n\t\t\t\t<\/div>\n\t\t\t\t<\/div>\n\t\t","protected":false},"excerpt":{"rendered":"<p>Contacto En Mutual Reconquista brindamos atenci\u00f3n personalizada para acompa\u00f1arte en cada consulta. Pod\u00e9s comunicarte con nosotros por WhatsApp, correo electr\u00f3nico, tel\u00e9fono o acercarte personalmente a nuestra oficina.Responderemos tu consulta a la brevedad. 25 de Mayo 623 reconquistamutual@gmail.com 3482-629099 7:30 a 13:00 Facebook Instagram<\/p>\n","protected":false},"author":1,"featured_media":0,"parent":0,"menu_order":0,"comment_status":"closed","ping_status":"closed","template":"elementor_header_footer","meta":{"ocean_post_layout":"","ocean_both_sidebars_style":"","ocean_both_sidebars_content_width":0,"ocean_both_sidebars_sidebars_width":0,"ocean_sidebar":"","ocean_second_sidebar":"","ocean_disable_margins":"enable","ocean_add_body_class":"","ocean_shortcode_before_top_bar":"","ocean_shortcode_after_top_bar":"","ocean_shortcode_before_header":"","ocean_shortcode_after_header":"","ocean_has_shortcode":"","ocean_shortcode_after_title":"","ocean_shortcode_before_footer_widgets":"","ocean_shortcode_after_footer_widgets":"","ocean_shortcode_before_footer_bottom":"","ocean_shortcode_after_footer_bottom":"","ocean_display_top_bar":"default","ocean_display_header":"default","ocean_header_style":"","ocean_center_header_left_menu":"","ocean_custom_header_template":"","ocean_custom_logo":0,"ocean_custom_retina_logo":0,"ocean_custom_logo_max_width":0,"ocean_custom_logo_tablet_max_width":0,"ocean_custom_logo_mobile_max_width":0,"ocean_custom_logo_max_height":0,"ocean_custom_logo_tablet_max_height":0,"ocean_custom_logo_mobile_max_height":0,"ocean_header_custom_menu":"","ocean_menu_typo_font_family":"","ocean_menu_typo_font_subset":"","ocean_menu_typo_font_size":0,"ocean_menu_typo_font_size_tablet":0,"ocean_menu_typo_font_size_mobile":0,"ocean_menu_typo_font_size_unit":"px","ocean_menu_typo_font_weight":"","ocean_menu_typo_font_weight_tablet":"","ocean_menu_typo_font_weight_mobile":"","ocean_menu_typo_transform":"","ocean_menu_typo_transform_tablet":"","ocean_menu_typo_transform_mobile":"","ocean_menu_typo_line_height":0,"ocean_menu_typo_line_height_tablet":0,"ocean_menu_typo_line_height_mobile":0,"ocean_menu_typo_line_height_unit":"","ocean_menu_typo_spacing":0,"ocean_menu_typo_spacing_tablet":0,"ocean_menu_typo_spacing_mobile":0,"ocean_menu_typo_spacing_unit":"","ocean_menu_link_color":"","ocean_menu_link_color_hover":"","ocean_menu_link_color_active":"","ocean_menu_link_background":"","ocean_menu_link_hover_background":"","ocean_menu_link_active_background":"","ocean_menu_social_links_bg":"","ocean_menu_social_hover_links_bg":"","ocean_menu_social_links_color":"","ocean_menu_social_hover_links_color":"","ocean_disable_title":"default","ocean_disable_heading":"default","ocean_post_title":"","ocean_post_subheading":"","ocean_post_title_style":"","ocean_post_title_background_color":"","ocean_post_title_background":0,"ocean_post_title_bg_image_position":"","ocean_post_title_bg_image_attachment":"","ocean_post_title_bg_image_repeat":"","ocean_post_title_bg_image_size":"","ocean_post_title_height":0,"ocean_post_title_bg_overlay":0.5,"ocean_post_title_bg_overlay_color":"","ocean_disable_breadcrumbs":"default","ocean_breadcrumbs_color":"","ocean_breadcrumbs_separator_color":"","ocean_breadcrumbs_links_color":"","ocean_breadcrumbs_links_hover_color":"","ocean_display_footer_widgets":"default","ocean_display_footer_bottom":"default","ocean_custom_footer_template":"","footnotes":""},"class_list":["post-280","page","type-page","status-publish","hentry","entry"],"yoast_head":"<!-- This site is optimized with the Yoast SEO plugin v27.4 - https:\/\/yoast.com\/product\/yoast-seo-wordpress\/ -->\n<title>Contacto - Mutual Reconquista<\/title>\n<meta name=\"robots\" content=\"noindex, follow, max-snippet:-1, max-image-preview:large, max-video-preview:-1\" \/>\n<meta property=\"og:locale\" content=\"es_ES\" \/>\n<meta property=\"og:type\" content=\"article\" \/>\n<meta property=\"og:title\" content=\"Contacto - Mutual Reconquista\" \/>\n<meta property=\"og:description\" content=\"Contacto En Mutual Reconquista brindamos atenci\u00f3n personalizada para acompa\u00f1arte en cada consulta. Pod\u00e9s comunicarte con nosotros por WhatsApp, correo electr\u00f3nico, tel\u00e9fono o acercarte personalmente a nuestra oficina.Responderemos tu consulta a la brevedad. 25 de Mayo 623 reconquistamutual@gmail.com 3482-629099 7:30 a 13:00 Facebook Instagram\" \/>\n<meta property=\"og:url\" content=\"https:\/\/mutualreconquista.com.ar\/?page_id=280\" \/>\n<meta property=\"og:site_name\" content=\"Mutual Reconquista\" \/>\n<meta property=\"article:modified_time\" content=\"2025-12-10T15:02:46+00:00\" \/>\n<meta property=\"og:image\" content=\"http:\/\/mutualreconquista.com.ar\/wp-content\/uploads\/2025\/12\/sucursakl-1024x1024.webp\" \/>\n<meta name=\"twitter:card\" content=\"summary_large_image\" \/>\n<meta name=\"twitter:label1\" content=\"Tiempo de lectura\" \/>\n\t<meta name=\"twitter:data1\" content=\"1 minuto\" \/>\n<script type=\"application\/ld+json\" class=\"yoast-schema-graph\">{\"@context\":\"https:\\\/\\\/schema.org\",\"@graph\":[{\"@type\":\"WebPage\",\"@id\":\"https:\\\/\\\/mutualreconquista.com.ar\\\/?page_id=280\",\"url\":\"https:\\\/\\\/mutualreconquista.com.ar\\\/?page_id=280\",\"name\":\"Contacto - Mutual Reconquista\",\"isPartOf\":{\"@id\":\"https:\\\/\\\/mutualreconquista.com.ar\\\/#website\"},\"primaryImageOfPage\":{\"@id\":\"https:\\\/\\\/mutualreconquista.com.ar\\\/?page_id=280#primaryimage\"},\"image\":{\"@id\":\"https:\\\/\\\/mutualreconquista.com.ar\\\/?page_id=280#primaryimage\"},\"thumbnailUrl\":\"http:\\\/\\\/mutualreconquista.com.ar\\\/wp-content\\\/uploads\\\/2025\\\/12\\\/sucursakl-1024x1024.webp\",\"datePublished\":\"2025-12-02T20:12:40+00:00\",\"dateModified\":\"2025-12-10T15:02:46+00:00\",\"breadcrumb\":{\"@id\":\"https:\\\/\\\/mutualreconquista.com.ar\\\/?page_id=280#breadcrumb\"},\"inLanguage\":\"es-AR\",\"potentialAction\":[{\"@type\":\"ReadAction\",\"target\":[\"https:\\\/\\\/mutualreconquista.com.ar\\\/?page_id=280\"]}]},{\"@type\":\"ImageObject\",\"inLanguage\":\"es-AR\",\"@id\":\"https:\\\/\\\/mutualreconquista.com.ar\\\/?page_id=280#primaryimage\",\"url\":\"https:\\\/\\\/mutualreconquista.com.ar\\\/wp-content\\\/uploads\\\/2025\\\/12\\\/sucursakl.webp\",\"contentUrl\":\"https:\\\/\\\/mutualreconquista.com.ar\\\/wp-content\\\/uploads\\\/2025\\\/12\\\/sucursakl.webp\",\"width\":1080,\"height\":1080},{\"@type\":\"BreadcrumbList\",\"@id\":\"https:\\\/\\\/mutualreconquista.com.ar\\\/?page_id=280#breadcrumb\",\"itemListElement\":[{\"@type\":\"ListItem\",\"position\":1,\"name\":\"Inicio\",\"item\":\"https:\\\/\\\/mutualreconquista.com.ar\\\/\"},{\"@type\":\"ListItem\",\"position\":2,\"name\":\"Contacto\"}]},{\"@type\":\"WebSite\",\"@id\":\"https:\\\/\\\/mutualreconquista.com.ar\\\/#website\",\"url\":\"https:\\\/\\\/mutualreconquista.com.ar\\\/\",\"name\":\"Mutual Reconquista\",\"description\":\"Ahorros \u2022 Cr\u00e9ditos \u2022 Beneficios\",\"publisher\":{\"@id\":\"https:\\\/\\\/mutualreconquista.com.ar\\\/#organization\"},\"potentialAction\":[{\"@type\":\"SearchAction\",\"target\":{\"@type\":\"EntryPoint\",\"urlTemplate\":\"https:\\\/\\\/mutualreconquista.com.ar\\\/?s={search_term_string}\"},\"query-input\":{\"@type\":\"PropertyValueSpecification\",\"valueRequired\":true,\"valueName\":\"search_term_string\"}}],\"inLanguage\":\"es-AR\"},{\"@type\":\"Organization\",\"@id\":\"https:\\\/\\\/mutualreconquista.com.ar\\\/#organization\",\"name\":\"Mutual Reconquista\",\"url\":\"https:\\\/\\\/mutualreconquista.com.ar\\\/\",\"logo\":{\"@type\":\"ImageObject\",\"inLanguage\":\"es-AR\",\"@id\":\"https:\\\/\\\/mutualreconquista.com.ar\\\/#\\\/schema\\\/logo\\\/image\\\/\",\"url\":\"https:\\\/\\\/mutualreconquista.com.ar\\\/wp-content\\\/uploads\\\/2025\\\/11\\\/Isotipo-Mutual-Reconquista.png\",\"contentUrl\":\"https:\\\/\\\/mutualreconquista.com.ar\\\/wp-content\\\/uploads\\\/2025\\\/11\\\/Isotipo-Mutual-Reconquista.png\",\"width\":1185,\"height\":1185,\"caption\":\"Mutual Reconquista\"},\"image\":{\"@id\":\"https:\\\/\\\/mutualreconquista.com.ar\\\/#\\\/schema\\\/logo\\\/image\\\/\"}}]}<\/script>\n<!-- \/ Yoast SEO plugin. -->","yoast_head_json":{"title":"Contacto - Mutual Reconquista","robots":{"index":"noindex","follow":"follow","max-snippet":"max-snippet:-1","max-image-preview":"max-image-preview:large","max-video-preview":"max-video-preview:-1"},"og_locale":"es_ES","og_type":"article","og_title":"Contacto - Mutual Reconquista","og_description":"Contacto En Mutual Reconquista brindamos atenci\u00f3n personalizada para acompa\u00f1arte en cada consulta. Pod\u00e9s comunicarte con nosotros por WhatsApp, correo electr\u00f3nico, tel\u00e9fono o acercarte personalmente a nuestra oficina.Responderemos tu consulta a la brevedad. 25 de Mayo 623 reconquistamutual@gmail.com 3482-629099 7:30 a 13:00 Facebook Instagram","og_url":"https:\/\/mutualreconquista.com.ar\/?page_id=280","og_site_name":"Mutual Reconquista","article_modified_time":"2025-12-10T15:02:46+00:00","og_image":[{"url":"http:\/\/mutualreconquista.com.ar\/wp-content\/uploads\/2025\/12\/sucursakl-1024x1024.webp","type":"","width":"","height":""}],"twitter_card":"summary_large_image","twitter_misc":{"Tiempo de lectura":"1 minuto"},"schema":{"@context":"https:\/\/schema.org","@graph":[{"@type":"WebPage","@id":"https:\/\/mutualreconquista.com.ar\/?page_id=280","url":"https:\/\/mutualreconquista.com.ar\/?page_id=280","name":"Contacto - Mutual Reconquista","isPartOf":{"@id":"https:\/\/mutualreconquista.com.ar\/#website"},"primaryImageOfPage":{"@id":"https:\/\/mutualreconquista.com.ar\/?page_id=280#primaryimage"},"image":{"@id":"https:\/\/mutualreconquista.com.ar\/?page_id=280#primaryimage"},"thumbnailUrl":"http:\/\/mutualreconquista.com.ar\/wp-content\/uploads\/2025\/12\/sucursakl-1024x1024.webp","datePublished":"2025-12-02T20:12:40+00:00","dateModified":"2025-12-10T15:02:46+00:00","breadcrumb":{"@id":"https:\/\/mutualreconquista.com.ar\/?page_id=280#breadcrumb"},"inLanguage":"es-AR","potentialAction":[{"@type":"ReadAction","target":["https:\/\/mutualreconquista.com.ar\/?page_id=280"]}]},{"@type":"ImageObject","inLanguage":"es-AR","@id":"https:\/\/mutualreconquista.com.ar\/?page_id=280#primaryimage","url":"https:\/\/mutualreconquista.com.ar\/wp-content\/uploads\/2025\/12\/sucursakl.webp","contentUrl":"https:\/\/mutualreconquista.com.ar\/wp-content\/uploads\/2025\/12\/sucursakl.webp","width":1080,"height":1080},{"@type":"BreadcrumbList","@id":"https:\/\/mutualreconquista.com.ar\/?page_id=280#breadcrumb","itemListElement":[{"@type":"ListItem","position":1,"name":"Inicio","item":"https:\/\/mutualreconquista.com.ar\/"},{"@type":"ListItem","position":2,"name":"Contacto"}]},{"@type":"WebSite","@id":"https:\/\/mutualreconquista.com.ar\/#website","url":"https:\/\/mutualreconquista.com.ar\/","name":"Mutual Reconquista","description":"Ahorros \u2022 Cr\u00e9ditos \u2022 Beneficios","publisher":{"@id":"https:\/\/mutualreconquista.com.ar\/#organization"},"potentialAction":[{"@type":"SearchAction","target":{"@type":"EntryPoint","urlTemplate":"https:\/\/mutualreconquista.com.ar\/?s={search_term_string}"},"query-input":{"@type":"PropertyValueSpecification","valueRequired":true,"valueName":"search_term_string"}}],"inLanguage":"es-AR"},{"@type":"Organization","@id":"https:\/\/mutualreconquista.com.ar\/#organization","name":"Mutual Reconquista","url":"https:\/\/mutualreconquista.com.ar\/","logo":{"@type":"ImageObject","inLanguage":"es-AR","@id":"https:\/\/mutualreconquista.com.ar\/#\/schema\/logo\/image\/","url":"https:\/\/mutualreconquista.com.ar\/wp-content\/uploads\/2025\/11\/Isotipo-Mutual-Reconquista.png","contentUrl":"https:\/\/mutualreconquista.com.ar\/wp-content\/uploads\/2025\/11\/Isotipo-Mutual-Reconquista.png","width":1185,"height":1185,"caption":"Mutual Reconquista"},"image":{"@id":"https:\/\/mutualreconquista.com.ar\/#\/schema\/logo\/image\/"}}]}},"_links":{"self":[{"href":"https:\/\/mutualreconquista.com.ar\/index.php?rest_route=\/wp\/v2\/pages\/280","targetHints":{"allow":["GET"]}}],"collection":[{"href":"https:\/\/mutualreconquista.com.ar\/index.php?rest_route=\/wp\/v2\/pages"}],"about":[{"href":"https:\/\/mutualreconquista.com.ar\/index.php?rest_route=\/wp\/v2\/types\/page"}],"author":[{"embeddable":true,"href":"https:\/\/mutualreconquista.com.ar\/index.php?rest_route=\/wp\/v2\/users\/1"}],"replies":[{"embeddable":true,"href":"https:\/\/mutualreconquista.com.ar\/index.php?rest_route=%2Fwp%2Fv2%2Fcomments&post=280"}],"version-history":[{"count":16,"href":"https:\/\/mutualreconquista.com.ar\/index.php?rest_route=\/wp\/v2\/pages\/280\/revisions"}],"predecessor-version":[{"id":465,"href":"https:\/\/mutualreconquista.com.ar\/index.php?rest_route=\/wp\/v2\/pages\/280\/revisions\/465"}],"wp:attachment":[{"href":"https:\/\/mutualreconquista.com.ar\/index.php?rest_route=%2Fwp%2Fv2%2Fmedia&parent=280"}],"curies":[{"name":"wp","href":"https:\/\/api.w.org\/{rel}","templated":true}]}}